{"id":97,"date":"2023-10-09T09:32:53","date_gmt":"2023-10-09T09:32:53","guid":{"rendered":"https:\/\/airportlostfound.com\/?page_id=97"},"modified":"2024-10-10T02:41:16","modified_gmt":"2024-10-10T08:41:16","slug":"contact-us","status":"publish","type":"page","link":"https:\/\/airportlostfound.com\/es\/contact-us\/","title":{"rendered":"Contacto"},"content":{"rendered":"<h2 class=\"wp-block-heading\">P\u00f3ngase en contacto con nosotros<br><\/h2>\n\n\u00bfTiene alguna pregunta o necesita ayuda con un art\u00edculo perdido? Nuestro equipo de asistencia est\u00e1 aqu\u00ed para ayudarle.<br>\n\n<p>[gravityform id=&#8221;2&#8243; title=&#8221;false&#8221;]<\/p>\n\n\nUntil your content is ready\n\n<h3 class=\"wp-block-heading\">Aeropuerto LF<\/h3>\n\n<h4 class=\"wp-block-heading\">Correo electr\u00f3nico<\/h4>\n\n<h4 class=\"wp-block-heading\">Tel\u00e9fono<\/h4>\n\nsupport@airportlostfound.com\n\n<span data-fetch-shortcode data-code=\"mbhi_hours\" data-arguments=\"location=&quot;AirportLostFoundNA&quot; format=&quot;12&quot; display=&quot;normal&quot; output=&quot;1&quot; includeholidays=&quot;false&quot; includevacations=&quot;false&quot; abbreviatedays=&quot;false&quot; consolidationseparator=&quot; - &quot; hourseparator=&quot; - &quot; entryseparator=&quot;, &quot; mhbr=&quot;true&quot; showonlytoday=&quot;&quot; dayentryseparator=&quot; &quot; removezeroes=&quot;true&quot; seo=&quot;false&quot;  hide_hours=&quot;false&quot; startonsunday=&quot;false&quot; extra_classes=&quot;&quot; dates_in_past=&quot;true&quot; replace_with_specials=&quot;false&quot; replace_with_vacations=&quot;false&quot; date_format=&quot;day first&quot; replaced_vacations_format=&quot;{day} ({name})&quot; replaced_specials_format=&quot;{day} ({name})&quot; included_vacations_format=&quot;{from_day_of_month} {from_month_short} - {to_day_of_month} {to_month_short}&quot; included_specials_format=&quot;{day_of_month} {month_short}&quot; day_format=&quot;{day}&quot; view=&quot;normal&quot; rollover=&quot;false&quot; rollover_from=&quot;30&quot; rollover_to=&quot;14&quot;\">Cargando...<\/span>\n\n\n<h3 class=\"wp-block-heading\">Horario (EST)<\/h3>\n\n+1 831 273 4817\n\n<h4 class=\"wp-block-heading\">Direcci\u00f3n<\/h4>\n\n400 Rella Blvd, Ste. 207- 116 Montebello NY 10901 EE.UU.","protected":false},"excerpt":{"rendered":"<p>Contact us now Have questions or need assistance with a lost item? Our dedicated support team is here to help. Until your content is ready Airport LF Email Phone support@airportlostfound.com Schedule (EST) +1 831 273 4817 Address 400 Rella Blvd, Ste. 207- 116 Montebello NY 10901 USA<\/p>","protected":false},"author":1,"featured_media":0,"parent":0,"menu_order":4,"comment_status":"closed","ping_status":"closed","template":"","meta":{"footnotes":""},"class_list":["post-97","page","type-page","status-publish","hentry"],"meta_box":[],"_links":{"self":[{"href":"https:\/\/airportlostfound.com\/es\/wp-json\/wp\/v2\/pages\/97","targetHints":{"allow":["GET"]}}],"collection":[{"href":"https:\/\/airportlostfound.com\/es\/wp-json\/wp\/v2\/pages"}],"about":[{"href":"https:\/\/airportlostfound.com\/es\/wp-json\/wp\/v2\/types\/page"}],"author":[{"embeddable":true,"href":"https:\/\/airportlostfound.com\/es\/wp-json\/wp\/v2\/users\/1"}],"replies":[{"embeddable":true,"href":"https:\/\/airportlostfound.com\/es\/wp-json\/wp\/v2\/comments?post=97"}],"version-history":[{"count":0,"href":"https:\/\/airportlostfound.com\/es\/wp-json\/wp\/v2\/pages\/97\/revisions"}],"wp:attachment":[{"href":"https:\/\/airportlostfound.com\/es\/wp-json\/wp\/v2\/media?parent=97"}],"curies":[{"name":"wp","href":"https:\/\/api.w.org\/{rel}","templated":true}]}}