{"id":91,"date":"2023-10-09T09:31:47","date_gmt":"2023-10-09T09:31:47","guid":{"rendered":"https:\/\/airportlostfound.com\/?page_id=91"},"modified":"2025-12-07T10:00:15","modified_gmt":"2025-12-07T16:00:15","slug":"about-airport-lost-found","status":"publish","type":"page","link":"https:\/\/airportlostfound.com\/es\/about-airport-lost-found\/","title":{"rendered":"Acerca de Airport Lost Found"},"content":{"rendered":"<figure class=\"wp-block-image size-full\"><img decoding=\"async\" src=\"http:\/\/airportlostfound.com\/wp-content\/uploads\/2024\/01\/logo-trustmate-2022-light.svg\" alt=\"{mb_lost-found_airport_name} Airport lost and found trustmate\" class=\"wp-image-1101\"><\/figure>\n\n<div class=\"wp-block-buttons is-layout-flex wp-block-buttons-is-layout-flex\"><div class=\"wp-block-button\"><a class=\"wp-block-button__link\">Presente su solicitud<\/a><\/div><\/div>\n\nI recently forgot my laptop at a cafe in a busy international airport. Initially, I thought it was gone for good, but then I contacted ALF. They were incredibly reassuring and quickly connected with their network in the airport. To my relief, they found my laptop and coordinated with me for a convenient pickup.\n\nAlicja Dabrowski\n\n<i>Tras dejar mi tableta en la sala VIP del aeropuerto, me sorprendi\u00f3 la rapidez con la que el servicio me inform\u00f3 del progreso de la b\u00fasqueda. La localizaron y coordinaron una recogida conveniente para m\u00ed. Realmente eficiente y sin estr\u00e9s.<\/i>\n\nWilliam Murray\n\nI never thought I&#8217;d see my lost wallet again, but thanks to their regular updates and diligent search, it was found at the boarding gate. The pickup process was seamless. Excellent service!\n\nAarav Patel<br>\n\nLosing my camera in the airport was distressing, but the service was fantastic. They kept me informed every step of the way and managed the whole retrieval process, making it easy for me to get it shipped back. Highly recommended!\n\nCharles Duda\n\nForgot my backpack at security check. Service help me fast, give updates, and I pick up next day. So happy!\n\nMia Li\n\nLost my hat in airport cafe. They search and find it. I get it back with no problem. Thank you for help!\n\nLuca Rossi\n\n<div class=\"wp-block-buttons is-layout-flex wp-block-buttons-is-layout-flex\"><div class=\"wp-block-button\"><a class=\"wp-block-button__link\">Presente su solicitud<\/a><\/div><\/div>\n\n<h2 class=\"wp-block-heading\">Celebrando historias de \u00e9xito: Experiencias de nuestros clientes<br><\/h2>\n\n<!-- wp:Array \/-->\n\n\n\n<h2 class=\"wp-block-heading\">Why Work With Us<\/h2>\n\n<h3 class=\"wp-block-heading\">Personal con experiencia<\/h3>\n\n<p>Nuestros especialistas en atenci\u00f3n al cliente no s\u00f3lo tienen experiencia en la recuperaci\u00f3n de objetos perdidos, sino que tambi\u00e9n conocen a fondo los flujos aeroportuarios. Saben lo que hacen, y lo hacen con rapidez, garantizando que sus objetos perdidos tengan las m\u00e1ximas posibilidades de ser encontrados y recuperados.<\/p>\n\n<h3 class=\"wp-block-heading\">Cobertura mundial<\/h3>\n\n<p>No importa d\u00f3nde haya perdido un art\u00edculo, si es en un aeropuerto de cualquier lugar del planeta, estamos preparados para ayudarle. Presente su reclamaci\u00f3n y deje que nuestros expertos trabajen r\u00e1pidamente para usted.<\/p>\n\n<h3 class=\"wp-block-heading\">Servicio en su idioma<\/h3>\n\n<p>Nuestros amables y emp\u00e1ticos agentes son multiling\u00fces. Puedes comunicarte con nosotros en ingl\u00e9s y espa\u00f1ol por tel\u00e9fono, o en casi cualquier idioma a trav\u00e9s del chat en directo o el correo electr\u00f3nico.<\/p>\n\n<figure class=\"wp-block-image size-medium_large\"><img loading=\"lazy\" decoding=\"async\" width=\"768\" height=\"512\" src=\"https:\/\/airportlostfound.com\/wp-content\/uploads\/2024\/01\/airportlostfound-15-768x512.jpg\" alt=\"{mb_lost-found_airport_name} Airport lost and found \" class=\"wp-image-1354\" srcset=\"https:\/\/airportlostfound.com\/wp-content\/uploads\/2024\/01\/airportlostfound-15-768x512.jpg 768w, https:\/\/airportlostfound.com\/wp-content\/uploads\/2024\/01\/airportlostfound-15-300x200.jpg 300w, https:\/\/airportlostfound.com\/wp-content\/uploads\/2024\/01\/airportlostfound-15-1024x682.jpg 1024w, https:\/\/airportlostfound.com\/wp-content\/uploads\/2024\/01\/airportlostfound-15-1536x1023.jpg 1536w, https:\/\/airportlostfound.com\/wp-content\/uploads\/2024\/01\/airportlostfound-15-18x12.jpg 18w, https:\/\/airportlostfound.com\/wp-content\/uploads\/2024\/01\/airportlostfound-15.jpg 1600w\" sizes=\"auto, (max-width: 768px) 100vw, 768px\" \/><\/figure>\n\n<figure class=\"wp-block-image size-medium_large\"><img loading=\"lazy\" decoding=\"async\" width=\"768\" height=\"512\" src=\"https:\/\/airportlostfound.com\/wp-content\/uploads\/2024\/01\/airportlostfound-6-768x512.jpg\" alt=\"{mb_lost-found_airport_name} Airport lost and found \" class=\"wp-image-1345\" srcset=\"https:\/\/airportlostfound.com\/wp-content\/uploads\/2024\/01\/airportlostfound-6-768x512.jpg 768w, https:\/\/airportlostfound.com\/wp-content\/uploads\/2024\/01\/airportlostfound-6-300x200.jpg 300w, https:\/\/airportlostfound.com\/wp-content\/uploads\/2024\/01\/airportlostfound-6-1024x682.jpg 1024w, https:\/\/airportlostfound.com\/wp-content\/uploads\/2024\/01\/airportlostfound-6-1536x1023.jpg 1536w, https:\/\/airportlostfound.com\/wp-content\/uploads\/2024\/01\/airportlostfound-6-18x12.jpg 18w, https:\/\/airportlostfound.com\/wp-content\/uploads\/2024\/01\/airportlostfound-6.jpg 1600w\" sizes=\"auto, (max-width: 768px) 100vw, 768px\" \/><\/figure>\n\n<figure class=\"wp-block-image size-medium_large\"><img loading=\"lazy\" decoding=\"async\" width=\"768\" height=\"522\" src=\"https:\/\/airportlostfound.com\/wp-content\/uploads\/2024\/01\/airportlostfound-3-768x522.jpg\" alt=\"{mb_lost-found_airport_name} Airport lost and found \" class=\"wp-image-1342\" srcset=\"https:\/\/airportlostfound.com\/wp-content\/uploads\/2024\/01\/airportlostfound-3-768x522.jpg 768w, https:\/\/airportlostfound.com\/wp-content\/uploads\/2024\/01\/airportlostfound-3-300x204.jpg 300w, https:\/\/airportlostfound.com\/wp-content\/uploads\/2024\/01\/airportlostfound-3-1024x696.jpg 1024w, https:\/\/airportlostfound.com\/wp-content\/uploads\/2024\/01\/airportlostfound-3-1536x1044.jpg 1536w, https:\/\/airportlostfound.com\/wp-content\/uploads\/2024\/01\/airportlostfound-3-18x12.jpg 18w, https:\/\/airportlostfound.com\/wp-content\/uploads\/2024\/01\/airportlostfound-3.jpg 1600w\" sizes=\"auto, (max-width: 768px) 100vw, 768px\" \/><\/figure>\n\n<h2 class=\"wp-block-heading\">Your heading<\/h2>\n\nLorem ipsum dolor sit amet, consectetur adipiscing elit, sed do eiusmod tempor incididunt ut labore et dolore magna aliqua.\n\n<figure class=\"wp-block-image size-full\"><img decoding=\"async\" src=\"http:\/\/airportlostfound.com\/wp-content\/uploads\/2023\/10\/Horizontal-Small.svg\" alt class=\"wp-image-86\"><\/figure>\n\naccent heading\n\n<h3 class=\"wp-block-heading\">Card heading<\/h3>\n\nLorem ipsum dolor sit amet, consectetur adipiscing elit, sed do eiusmod tempor incididunt ut labore et dolore magna aliqua.\n\naccent heading\n\n<h3 class=\"wp-block-heading\">Card heading<\/h3>\n\nLorem ipsum dolor sit amet, consectetur adipiscing elit, sed do eiusmod tempor incididunt ut labore et dolore magna aliqua.\n\n<figure class=\"wp-block-image size-full\"><img decoding=\"async\" src=\"http:\/\/airportlostfound.com\/wp-content\/uploads\/2023\/10\/Horizontal-Small.svg\" alt class=\"wp-image-86\"><\/figure>\n\naccent heading\n\n<h3 class=\"wp-block-heading\">Card heading<\/h3>\n\nLorem ipsum dolor sit amet, consectetur adipiscing elit, sed do eiusmod tempor incididunt ut labore et dolore magna aliqua.\n\n<figure class=\"wp-block-image size-full\"><img decoding=\"async\" src=\"http:\/\/airportlostfound.com\/wp-content\/uploads\/2023\/10\/Horizontal-Small.svg\" alt class=\"wp-image-86\"><\/figure>\n\n<figure class=\"wp-block-image size-full\"><img decoding=\"async\" src=\"http:\/\/airportlostfound.com\/wp-content\/uploads\/2023\/10\/Placeholder-Man.jpeg\" alt class=\"wp-image-111\"><\/figure>\n\n<h2 class=\"wp-block-heading\">This is just a placeholder headline, we will replace it once your website copy is finalized.<\/h2>\n\naccent heading\n\n<div class=\"wp-block-buttons is-layout-flex wp-block-buttons-is-layout-flex\"><div class=\"wp-block-button\"><a class=\"wp-block-button__link\">Llamada a la acci\u00f3n<\/a><\/div><\/div>\n\n<figure class=\"wp-block-image size-full\"><img decoding=\"async\" src=\"http:\/\/airportlostfound.com\/wp-content\/uploads\/2023\/10\/Placeholder-Man.jpeg\" alt class=\"wp-image-111\"><\/figure>\n\n<figure class=\"wp-block-image size-full\"><img decoding=\"async\" src=\"http:\/\/airportlostfound.com\/wp-content\/uploads\/2023\/10\/Placeholder-Man.jpeg\" alt class=\"wp-image-111\"><\/figure>\n\n<figure class=\"wp-block-image size-full\"><img decoding=\"async\" src=\"http:\/\/airportlostfound.com\/wp-content\/uploads\/2023\/10\/Placeholder-Man.jpeg\" alt class=\"wp-image-111\"><\/figure>\n\n<figure class=\"wp-block-image size-full\"><img decoding=\"async\" src=\"http:\/\/airportlostfound.com\/wp-content\/uploads\/2023\/10\/Placeholder-Man.jpeg\" alt class=\"wp-image-111\"><\/figure>\n\n<p>This is just placeholder text. Don\u2019t be alarmed, this is just here to fill up space since your finalized copy isn\u2019t ready yet.<\/p>\n\naccent heading\n\n<h2 class=\"wp-block-heading\">Your headline here<\/h2>\n\n<h1 class=\"wp-block-heading\">Acerca de Airport Lost Found<\/h1>\n\nSomos un equipo con m\u00e1s de 30 a\u00f1os de experiencia en Atenci\u00f3n al Cliente, Industria Tur\u00edstica, Desarrollo Web e Integraci\u00f3n y Automatizaci\u00f3n de Sistemas. Nuestra experiencia combinada y nuestro compromiso con la excelencia han dado lugar a uno de los servicios de recuperaci\u00f3n de objetos perdidos m\u00e1s eficaces y f\u00e1ciles de usar que existen.\n\n<figure class=\"wp-block-image size-full\"><img decoding=\"async\" src=\"http:\/\/airportlostfound.com\/wp-content\/uploads\/2023\/10\/Horizontal-Small.svg\" alt class=\"wp-image-86\"><\/figure>\n\n<h1 class=\"wp-block-heading\">Lorem ipsum dolor sit amet, consectetur adipiscing elit, sed do eiusmod tempor incididunt<\/h1>\n\nLorem ipsum dolor sit amet, consectetur adipiscing elit, sed do eiusmod tempor incididunt ut labore et dolore magna aliqua.\n\nDuis aute irure dolor in reprehenderit in voluptate velit esse cillum dolore eu fugiat nulla pariatur. Excepteur sint occaecat cupidatat non proident, sunt in culpa qui officia deserunt mollit anim id est laborum.\n\nDuis aute irure dolor in reprehenderit in voluptate velit esse cillum dolore eu fugiat nulla pariatur. Excepteur sint occaecat cupidatat non proident, sunt in culpa qui officia deserunt mollit anim id est laborum.\n\nLorem ipsum dolor sit amet, consectetur adipiscing elit, sed do eiusmod tempor incididunt ut labore et dolore magna aliqua. Ut enim ad minim veniam, quis nostrud exercitation ullamco laboris nisi ut aliquip.\n\n<div class=\"wp-block-buttons is-layout-flex wp-block-buttons-is-layout-flex\"><div class=\"wp-block-button\"><a class=\"wp-block-button__link\">Primary action<\/a><\/div><\/div>\n\n<div class=\"wp-block-buttons is-layout-flex wp-block-buttons-is-layout-flex\"><div class=\"wp-block-button\"><a class=\"wp-block-button__link\">Secondary action<\/a><\/div><\/div>\n\n<h3 class=\"wp-block-heading\">{post_title}<\/h3>\n\n123 West Atlanta Street<br>Atlanta, GA 12345\n\n(123) 456-7890\n\n<figure class=\"wp-block-image size-full\"><img decoding=\"async\" src=\"http:\/\/airportlostfound.com\/wp-content\/uploads\/2023\/10\/Horizontal-Small.svg\" alt class=\"wp-image-86\"><\/figure>\n\n\n\n<h2 class=\"wp-block-heading\">T\u00edtulo de la secci\u00f3n<\/h2>\n\nLorem ipsum dolor sit amet, consectetur adipiscing elit, sed do eiusmod tempor incididunt ut labore et dolore magna aliqua.\n\n<div class=\"wp-block-buttons is-layout-flex wp-block-buttons-is-layout-flex\"><div class=\"wp-block-button\"><a class=\"wp-block-button__link\">Llamada a la acci\u00f3n<\/a><\/div><\/div>\n\non Google\n\non Yelp\n\n<h2 class=\"wp-block-heading\">Conozca a nuestros fundadores<\/h2>\n\nWe started with the idea of making people&#8217;s life easier in unpleasant times. Our combined expertise and commitment to excellence led to one of the most efficient and user-friendly lost item recovery service available.\n\nFollow me on LinkedIn\n\n<h3 class=\"wp-block-heading\">Dragos Gruita<\/h3>\n\nSocio Director\n\n<p>Drago\u0219 integra tecnolog\u00eda punta con una filosof\u00eda de servicio orientada al cliente. Su liderazgo se define por un compromiso inquebrantable de centrarse en el cliente, garantizando que la eficiencia, la seguridad y el f\u00e1cil acceso est\u00e9n en el centro del proceso de recuperaci\u00f3n de objetos perdidos. Se esfuerza no s\u00f3lo por cumplir las expectativas de los clientes, sino por superarlas, elevando constantemente el calibre del servicio y la experiencia general del cliente.<\/p>\n \n<p>Guiado por la visi\u00f3n centrada en el cliente de Drago\u0219, el equipo de Airport LF LLC busca constantemente m\u00e9todos innovadores para agilizar la experiencia de recuperaci\u00f3n de objetos perdidos, haci\u00e9ndola lo m\u00e1s intuitiva y f\u00e1cil de usar posible. Reconociendo el valor del tiempo y la tranquilidad de los clientes, cada servicio est\u00e1 dise\u00f1ado para ofrecer resoluciones r\u00e1pidas y sin estr\u00e9s.<\/p> <p> Nuestro enfoque centrado en el cliente en Airport LF LLC est\u00e1 dise\u00f1ado para elevar nuestro estatus al de l\u00edder de confianza que proporciona servicios complementarios en el sector de objetos perdidos, un nombre sin\u00f3nimo de calidad, eficiencia y fiabilidad.<\/p>\n\n<figure class=\"wp-block-image size-full\"><img loading=\"lazy\" decoding=\"async\" width=\"800\" height=\"800\" src=\"https:\/\/airportlostfound.com\/wp-content\/uploads\/2024\/03\/dragos-gruita-1o.jpeg\" alt class=\"wp-image-1859\" srcset=\"https:\/\/airportlostfound.com\/wp-content\/uploads\/2024\/03\/dragos-gruita-1o.jpeg 800w, https:\/\/airportlostfound.com\/wp-content\/uploads\/2024\/03\/dragos-gruita-1o-300x300.jpeg 300w, https:\/\/airportlostfound.com\/wp-content\/uploads\/2024\/03\/dragos-gruita-1o-150x150.jpeg 150w, https:\/\/airportlostfound.com\/wp-content\/uploads\/2024\/03\/dragos-gruita-1o-768x768.jpeg 768w, https:\/\/airportlostfound.com\/wp-content\/uploads\/2024\/03\/dragos-gruita-1o-12x12.jpeg 12w, https:\/\/airportlostfound.com\/wp-content\/uploads\/2024\/03\/dragos-gruita-1o-600x600.jpeg 600w, https:\/\/airportlostfound.com\/wp-content\/uploads\/2024\/03\/dragos-gruita-1o-100x100.jpeg 100w\" sizes=\"auto, (max-width: 800px) 100vw, 800px\" \/><\/figure>\n\n<figure class=\"wp-block-image size-full\"><img loading=\"lazy\" decoding=\"async\" width=\"600\" height=\"597\" src=\"https:\/\/airportlostfound.com\/wp-content\/uploads\/2024\/03\/emilmoldovan-600x597-1.webp\" alt class=\"wp-image-1860\" srcset=\"https:\/\/airportlostfound.com\/wp-content\/uploads\/2024\/03\/emilmoldovan-600x597-1.webp 600w, https:\/\/airportlostfound.com\/wp-content\/uploads\/2024\/03\/emilmoldovan-600x597-1-300x300.webp 300w, https:\/\/airportlostfound.com\/wp-content\/uploads\/2024\/03\/emilmoldovan-600x597-1-150x150.webp 150w, https:\/\/airportlostfound.com\/wp-content\/uploads\/2024\/03\/emilmoldovan-600x597-1-12x12.webp 12w, https:\/\/airportlostfound.com\/wp-content\/uploads\/2024\/03\/emilmoldovan-600x597-1-100x100.webp 100w\" sizes=\"auto, (max-width: 600px) 100vw, 600px\" \/><\/figure>\n\n<h3 class=\"wp-block-heading\">Emil Moldovan<\/h3>\n\nPartner\n\nEmil, with his robust 12 years of experience in engineering online platforms and spearheading marketing strategies, is a linchpin at Airport LF LLC. His expertise is pivotal in streamlining complex processes into user-friendly systems, enhancing customer engagement, and driving digital innovation. Emil\u2019s strategic foresight in the digital landscape has been instrumental in crafting seamless online experiences that not only meet but also anticipate the needs of clients.<div><br><\/div><div>When he steps away from his digital blueprints, Emil is equally passionate about his personal pursuits. Whether it&#8217;s navigating the serenity of nature on family treks or embracing the rigor of martial arts, he finds balance and inspiration outside the tech world. These pursuits not only reflect his multifaceted personality but also infuse his professional work with creativity and a fresh perspective.<\/div>\n\nS\u00edgame en LinkedIn\n\n<h1 class=\"wp-block-heading\">Acerca de Airport Lost Found<\/h1>\n\nAirport Lost Found was created to help people find their lost items more easily, saving them time and nerves. Through our dedicated work we do our best to make things easier for people who lose their valuables.<br>\n\nTogether we have over 30 years of experience in Customer Service, the Travel Industry, Web Development, and System Integration and Automation.","protected":false},"excerpt":{"rendered":"<p>I recently forgot my laptop at a cafe in a busy international airport. Initially, I thought it was gone for good, but then I contacted ALF. They were incredibly reassuring and quickly connected with their network in the airport. To my relief, they found my laptop and coordinated with me for a convenient pickup. Alicja [&hellip;]<\/p>","protected":false},"author":1,"featured_media":0,"parent":0,"menu_order":2,"comment_status":"closed","ping_status":"closed","template":"","meta":{"footnotes":""},"class_list":["post-91","page","type-page","status-publish","hentry"],"meta_box":[],"_links":{"self":[{"href":"https:\/\/airportlostfound.com\/es\/wp-json\/wp\/v2\/pages\/91","targetHints":{"allow":["GET"]}}],"collection":[{"href":"https:\/\/airportlostfound.com\/es\/wp-json\/wp\/v2\/pages"}],"about":[{"href":"https:\/\/airportlostfound.com\/es\/wp-json\/wp\/v2\/types\/page"}],"author":[{"embeddable":true,"href":"https:\/\/airportlostfound.com\/es\/wp-json\/wp\/v2\/users\/1"}],"replies":[{"embeddable":true,"href":"https:\/\/airportlostfound.com\/es\/wp-json\/wp\/v2\/comments?post=91"}],"version-history":[{"count":4,"href":"https:\/\/airportlostfound.com\/es\/wp-json\/wp\/v2\/pages\/91\/revisions"}],"predecessor-version":[{"id":25874,"href":"https:\/\/airportlostfound.com\/es\/wp-json\/wp\/v2\/pages\/91\/revisions\/25874"}],"wp:attachment":[{"href":"https:\/\/airportlostfound.com\/es\/wp-json\/wp\/v2\/media?parent=91"}],"curies":[{"name":"wp","href":"https:\/\/api.w.org\/{rel}","templated":true}]}}